{"id":2147,"date":"2025-08-14T17:28:53","date_gmt":"2025-08-14T22:28:53","guid":{"rendered":"https:\/\/glp.com.pa\/?page_id=2147"},"modified":"2026-05-06T08:56:11","modified_gmt":"2026-05-06T13:56:11","slug":"venta-casas-panama","status":"publish","type":"page","link":"https:\/\/glp.com.pa\/en\/venta-casas-panama\/","title":{"rendered":"Venta Casas Panam\u00e1"},"content":{"rendered":"","protected":false},"excerpt":{"rendered":"","protected":false},"author":1,"featured_media":0,"parent":0,"menu_order":0,"comment_status":"closed","ping_status":"closed","template":"","meta":{"_seopress_robots_primary_cat":"","_seopress_titles_title":"Venta Casas Panam\u00e1 | Comprar Casa | GLP - Grupo Los Pueblos","_seopress_titles_desc":"casas en venta en Panam\u00e1 con GLP. Proyectos exclusivos en Santa Mar\u00eda y Costa del\r\nEste. Financiamiento flexible disponible. \u00a1Tu nuevo hogar te espera!","_seopress_robots_index":"","footnotes":""},"class_list":["post-2147","page","type-page","status-publish","hentry"],"_links":{"self":[{"href":"https:\/\/glp.com.pa\/en\/wp-json\/wp\/v2\/pages\/2147","targetHints":{"allow":["GET"]}}],"collection":[{"href":"https:\/\/glp.com.pa\/en\/wp-json\/wp\/v2\/pages"}],"about":[{"href":"https:\/\/glp.com.pa\/en\/wp-json\/wp\/v2\/types\/page"}],"author":[{"embeddable":true,"href":"https:\/\/glp.com.pa\/en\/wp-json\/wp\/v2\/users\/1"}],"replies":[{"embeddable":true,"href":"https:\/\/glp.com.pa\/en\/wp-json\/wp\/v2\/comments?post=2147"}],"version-history":[{"count":19,"href":"https:\/\/glp.com.pa\/en\/wp-json\/wp\/v2\/pages\/2147\/revisions"}],"predecessor-version":[{"id":2515,"href":"https:\/\/glp.com.pa\/en\/wp-json\/wp\/v2\/pages\/2147\/revisions\/2515"}],"wp:attachment":[{"href":"https:\/\/glp.com.pa\/en\/wp-json\/wp\/v2\/media?parent=2147"}],"curies":[{"name":"wp","href":"https:\/\/api.w.org\/{rel}","templated":true}]}}